{"id":10711,"date":"2024-11-27T16:01:22","date_gmt":"2024-11-27T13:01:22","guid":{"rendered":"https:\/\/medicoclinic.net\/?page_id=10711"},"modified":"2024-11-27T16:13:18","modified_gmt":"2024-11-27T13:13:18","slug":"merci","status":"publish","type":"page","link":"https:\/\/medicoclinic.net\/fr\/thank-you\/","title":{"rendered":"Merci de votre attention"},"content":{"rendered":"<div data-elementor-type=\"wp-page\" data-elementor-id=\"10711\" class=\"elementor elementor-10711\" data-elementor-post-type=\"page\">\n\t\t\t\t<div class=\"elementor-element elementor-element-3f1ffbe e-flex e-con-boxed e-con e-parent\" data-id=\"3f1ffbe\" data-element_type=\"container\" data-e-type=\"container\">\n\t\t\t\t\t<div class=\"e-con-inner\">\n\t\t\t\t<div class=\"elementor-element elementor-element-6c2931d elementor-widget elementor-widget-text-editor\" data-id=\"6c2931d\" data-element_type=\"widget\" data-e-type=\"widget\" data-widget_type=\"text-editor.default\">\n\t\t\t\t<div class=\"elementor-widget-container\">\n\t\t\t\t\t\t\t\t\t<h1 style=\"color: #222222;\">\n    Merci pour votre demande\u202f!<br><br>Notre \u00e9quipe vous contactera bient\u00f4t pour vous fournir votre rapport dentaire&nbsp;<span style=\"color: #dc1a3e;\"><strong>GRATUIT<\/strong><\/span> et vous guider \u00e0 travers un plan de soins personnalis\u00e9.<br><\/h1>\t\t\t\t\t\t\t\t<\/div>\n\t\t\t\t<\/div>\n\t\t\t\t\t<\/div>\n\t\t\t\t<\/div>\n\t\t\t\t<\/div>","protected":false},"excerpt":{"rendered":"<p>Nous vous remercions de votre demande ! Notre \u00e9quipe vous contactera bient\u00f4t pour vous fournir votre rapport dentaire GRATUIT et vous guider dans votre plan de soins personnalis\u00e9.<\/p>","protected":false},"author":2,"featured_media":0,"parent":0,"menu_order":0,"comment_status":"closed","ping_status":"closed","template":"","meta":{"footnotes":""},"class_list":["post-10711","page","type-page","status-publish","hentry"],"blocksy_meta":[],"_links":{"self":[{"href":"https:\/\/medicoclinic.net\/fr\/wp-json\/wp\/v2\/pages\/10711","targetHints":{"allow":["GET"]}}],"collection":[{"href":"https:\/\/medicoclinic.net\/fr\/wp-json\/wp\/v2\/pages"}],"about":[{"href":"https:\/\/medicoclinic.net\/fr\/wp-json\/wp\/v2\/types\/page"}],"author":[{"embeddable":true,"href":"https:\/\/medicoclinic.net\/fr\/wp-json\/wp\/v2\/users\/2"}],"replies":[{"embeddable":true,"href":"https:\/\/medicoclinic.net\/fr\/wp-json\/wp\/v2\/comments?post=10711"}],"version-history":[{"count":0,"href":"https:\/\/medicoclinic.net\/fr\/wp-json\/wp\/v2\/pages\/10711\/revisions"}],"wp:attachment":[{"href":"https:\/\/medicoclinic.net\/fr\/wp-json\/wp\/v2\/media?parent=10711"}],"curies":[{"name":"wp","href":"https:\/\/api.w.org\/{rel}","templated":true}]}}